{"id":700,"date":"2021-06-26T08:52:24","date_gmt":"2021-06-26T06:52:24","guid":{"rendered":"http:\/\/jumalo-creations.fr\/?post_type=product&#038;p=700"},"modified":"2021-06-26T09:13:55","modified_gmt":"2021-06-26T07:13:55","slug":"simone-2","status":"publish","type":"product","link":"https:\/\/jumalo-creations.fr\/?product=simone-2","title":{"rendered":"Simone"},"content":{"rendered":"<p>Grand sautoir tiss\u00e9 en perles miyuki<\/p>\n<p>anneau en laiton<\/p>\n<p>cha\u00eene en acier . Longueur 60cm<\/p>\n<p>sequin \u00e9maill\u00e9 \/ pompon<\/p>\n<p>dimension pendentif 3\/8 cm<\/p>\n<p>couleurs : vert kaki \/ bleu turquoise \/ dor\u00e9<\/p>\n","protected":false},"excerpt":{"rendered":"<p>Grand sautoir tiss\u00e9 en perles miyuki anneau en laiton cha\u00eene en acier . Longueur 60cm sequin \u00e9maill\u00e9 \/ pompon dimension pendentif 3\/8 cm couleurs : vert kaki \/ bleu turquoise \/ dor\u00e9<\/p>\n","protected":false},"featured_media":698,"comment_status":"closed","ping_status":"closed","template":"","meta":[],"product_cat":[28],"product_tag":[],"_links":{"self":[{"href":"https:\/\/jumalo-creations.fr\/index.php?rest_route=\/wp\/v2\/product\/700"}],"collection":[{"href":"https:\/\/jumalo-creations.fr\/index.php?rest_route=\/wp\/v2\/product"}],"about":[{"href":"https:\/\/jumalo-creations.fr\/index.php?rest_route=\/wp\/v2\/types\/product"}],"replies":[{"embeddable":true,"href":"https:\/\/jumalo-creations.fr\/index.php?rest_route=%2Fwp%2Fv2%2Fcomments&post=700"}],"version-history":[{"count":1,"href":"https:\/\/jumalo-creations.fr\/index.php?rest_route=\/wp\/v2\/product\/700\/revisions"}],"predecessor-version":[{"id":701,"href":"https:\/\/jumalo-creations.fr\/index.php?rest_route=\/wp\/v2\/product\/700\/revisions\/701"}],"wp:featuredmedia":[{"embeddable":true,"href":"https:\/\/jumalo-creations.fr\/index.php?rest_route=\/wp\/v2\/media\/698"}],"wp:attachment":[{"href":"https:\/\/jumalo-creations.fr\/index.php?rest_route=%2Fwp%2Fv2%2Fmedia&parent=700"}],"wp:term":[{"taxonomy":"product_cat","embeddable":true,"href":"https:\/\/jumalo-creations.fr\/index.php?rest_route=%2Fwp%2Fv2%2Fproduct_cat&post=700"},{"taxonomy":"product_tag","embeddable":true,"href":"https:\/\/jumalo-creations.fr\/index.php?rest_route=%2Fwp%2Fv2%2Fproduct_tag&post=700"}],"curies":[{"name":"wp","href":"https:\/\/api.w.org\/{rel}","templated":true}]}}