{"id":702,"date":"2021-06-26T08:54:06","date_gmt":"2021-06-26T06:54:06","guid":{"rendered":"http:\/\/jumalo-creations.fr\/?post_type=product&#038;p=702"},"modified":"2021-06-26T09:14:44","modified_gmt":"2021-06-26T07:14:44","slug":"simone-3","status":"publish","type":"product","link":"https:\/\/jumalo-creations.fr\/?product=simone-3","title":{"rendered":"Simone"},"content":{"rendered":"<p>Grand sautoir tiss\u00e9 en perles miyuki<\/p>\n<p>anneau en laiton<\/p>\n<p>cha\u00eene en acier . Longueur 60cm<\/p>\n<p>sequin \u00e9maill\u00e9 \/ pompon<\/p>\n<p>dimension pendentif 3\/8 cm<\/p>\n<p>couleurs : jaune \/ terra cotta\u00a0\/ dor\u00e9<\/p>\n","protected":false},"excerpt":{"rendered":"<p>Grand sautoir tiss\u00e9 en perles miyuki anneau en laiton cha\u00eene en acier . Longueur 60cm sequin \u00e9maill\u00e9 \/ pompon dimension pendentif 3\/8 cm couleurs : jaune \/ terra cotta\u00a0\/ dor\u00e9<\/p>\n","protected":false},"featured_media":699,"comment_status":"closed","ping_status":"closed","template":"","meta":[],"product_cat":[28],"product_tag":[],"_links":{"self":[{"href":"https:\/\/jumalo-creations.fr\/index.php?rest_route=\/wp\/v2\/product\/702"}],"collection":[{"href":"https:\/\/jumalo-creations.fr\/index.php?rest_route=\/wp\/v2\/product"}],"about":[{"href":"https:\/\/jumalo-creations.fr\/index.php?rest_route=\/wp\/v2\/types\/product"}],"replies":[{"embeddable":true,"href":"https:\/\/jumalo-creations.fr\/index.php?rest_route=%2Fwp%2Fv2%2Fcomments&post=702"}],"version-history":[{"count":1,"href":"https:\/\/jumalo-creations.fr\/index.php?rest_route=\/wp\/v2\/product\/702\/revisions"}],"predecessor-version":[{"id":703,"href":"https:\/\/jumalo-creations.fr\/index.php?rest_route=\/wp\/v2\/product\/702\/revisions\/703"}],"wp:featuredmedia":[{"embeddable":true,"href":"https:\/\/jumalo-creations.fr\/index.php?rest_route=\/wp\/v2\/media\/699"}],"wp:attachment":[{"href":"https:\/\/jumalo-creations.fr\/index.php?rest_route=%2Fwp%2Fv2%2Fmedia&parent=702"}],"wp:term":[{"taxonomy":"product_cat","embeddable":true,"href":"https:\/\/jumalo-creations.fr\/index.php?rest_route=%2Fwp%2Fv2%2Fproduct_cat&post=702"},{"taxonomy":"product_tag","embeddable":true,"href":"https:\/\/jumalo-creations.fr\/index.php?rest_route=%2Fwp%2Fv2%2Fproduct_tag&post=702"}],"curies":[{"name":"wp","href":"https:\/\/api.w.org\/{rel}","templated":true}]}}