{"id":704,"date":"2021-06-26T08:55:55","date_gmt":"2021-06-26T06:55:55","guid":{"rendered":"http:\/\/jumalo-creations.fr\/?post_type=product&#038;p=704"},"modified":"2021-06-26T09:16:10","modified_gmt":"2021-06-26T07:16:10","slug":"josephine","status":"publish","type":"product","link":"https:\/\/jumalo-creations.fr\/?product=josephine","title":{"rendered":"Jos\u00e9phine"},"content":{"rendered":"<p>Cr\u00e9oles tiss\u00e9es perles miyuki<\/p>\n<p>acier inoxydable dor\u00e9<\/p>\n<p>dimensions : 3\/3 cm<\/p>\n<p>couleur : vert gazon \/ dor\u00e9<\/p>\n","protected":false},"excerpt":{"rendered":"<p>Cr\u00e9oles tiss\u00e9es perles miyuki acier inoxydable dor\u00e9 dimensions : 3\/3 cm couleur : vert gazon \/ dor\u00e9<\/p>\n","protected":false},"featured_media":707,"comment_status":"closed","ping_status":"closed","template":"","meta":[],"product_cat":[17],"product_tag":[],"_links":{"self":[{"href":"https:\/\/jumalo-creations.fr\/index.php?rest_route=\/wp\/v2\/product\/704"}],"collection":[{"href":"https:\/\/jumalo-creations.fr\/index.php?rest_route=\/wp\/v2\/product"}],"about":[{"href":"https:\/\/jumalo-creations.fr\/index.php?rest_route=\/wp\/v2\/types\/product"}],"replies":[{"embeddable":true,"href":"https:\/\/jumalo-creations.fr\/index.php?rest_route=%2Fwp%2Fv2%2Fcomments&post=704"}],"version-history":[{"count":2,"href":"https:\/\/jumalo-creations.fr\/index.php?rest_route=\/wp\/v2\/product\/704\/revisions"}],"predecessor-version":[{"id":723,"href":"https:\/\/jumalo-creations.fr\/index.php?rest_route=\/wp\/v2\/product\/704\/revisions\/723"}],"wp:featuredmedia":[{"embeddable":true,"href":"https:\/\/jumalo-creations.fr\/index.php?rest_route=\/wp\/v2\/media\/707"}],"wp:attachment":[{"href":"https:\/\/jumalo-creations.fr\/index.php?rest_route=%2Fwp%2Fv2%2Fmedia&parent=704"}],"wp:term":[{"taxonomy":"product_cat","embeddable":true,"href":"https:\/\/jumalo-creations.fr\/index.php?rest_route=%2Fwp%2Fv2%2Fproduct_cat&post=704"},{"taxonomy":"product_tag","embeddable":true,"href":"https:\/\/jumalo-creations.fr\/index.php?rest_route=%2Fwp%2Fv2%2Fproduct_tag&post=704"}],"curies":[{"name":"wp","href":"https:\/\/api.w.org\/{rel}","templated":true}]}}