{"id":711,"date":"2021-06-26T09:00:08","date_gmt":"2021-06-26T07:00:08","guid":{"rendered":"http:\/\/jumalo-creations.fr\/?post_type=product&#038;p=711"},"modified":"2021-06-26T09:18:54","modified_gmt":"2021-06-26T07:18:54","slug":"josephine-copie","status":"publish","type":"product","link":"https:\/\/jumalo-creations.fr\/?product=josephine-copie","title":{"rendered":"Jos\u00e9phine"},"content":{"rendered":"<p>Cr\u00e9oles tiss\u00e9es perles miyuki<\/p>\n<p>acier inoxydable dor\u00e9<\/p>\n<p>dimensions : 3\/3 cm<\/p>\n<p>couleur : rouge \/ dor\u00e9<\/p>\n","protected":false},"excerpt":{"rendered":"<p>Cr\u00e9oles tiss\u00e9es perles miyuki acier inoxydable dor\u00e9 dimensions : 3\/3 cm couleur : rouge \/ dor\u00e9<\/p>\n","protected":false},"featured_media":716,"comment_status":"closed","ping_status":"closed","template":"","meta":[],"product_cat":[17],"product_tag":[],"_links":{"self":[{"href":"https:\/\/jumalo-creations.fr\/index.php?rest_route=\/wp\/v2\/product\/711"}],"collection":[{"href":"https:\/\/jumalo-creations.fr\/index.php?rest_route=\/wp\/v2\/product"}],"about":[{"href":"https:\/\/jumalo-creations.fr\/index.php?rest_route=\/wp\/v2\/types\/product"}],"replies":[{"embeddable":true,"href":"https:\/\/jumalo-creations.fr\/index.php?rest_route=%2Fwp%2Fv2%2Fcomments&post=711"}],"version-history":[{"count":2,"href":"https:\/\/jumalo-creations.fr\/index.php?rest_route=\/wp\/v2\/product\/711\/revisions"}],"predecessor-version":[{"id":715,"href":"https:\/\/jumalo-creations.fr\/index.php?rest_route=\/wp\/v2\/product\/711\/revisions\/715"}],"wp:featuredmedia":[{"embeddable":true,"href":"https:\/\/jumalo-creations.fr\/index.php?rest_route=\/wp\/v2\/media\/716"}],"wp:attachment":[{"href":"https:\/\/jumalo-creations.fr\/index.php?rest_route=%2Fwp%2Fv2%2Fmedia&parent=711"}],"wp:term":[{"taxonomy":"product_cat","embeddable":true,"href":"https:\/\/jumalo-creations.fr\/index.php?rest_route=%2Fwp%2Fv2%2Fproduct_cat&post=711"},{"taxonomy":"product_tag","embeddable":true,"href":"https:\/\/jumalo-creations.fr\/index.php?rest_route=%2Fwp%2Fv2%2Fproduct_tag&post=711"}],"curies":[{"name":"wp","href":"https:\/\/api.w.org\/{rel}","templated":true}]}}