{"id":717,"date":"2021-06-26T09:09:53","date_gmt":"2021-06-26T07:09:53","guid":{"rendered":"http:\/\/jumalo-creations.fr\/?post_type=product&#038;p=717"},"modified":"2021-06-26T09:21:01","modified_gmt":"2021-06-26T07:21:01","slug":"josephine-2","status":"publish","type":"product","link":"https:\/\/jumalo-creations.fr\/?product=josephine-2","title":{"rendered":"Jos\u00e9phine"},"content":{"rendered":"<p>Cr\u00e9oles tiss\u00e9es perles miyuki<\/p>\n<p>acier inoxydable dor\u00e9<\/p>\n<p>dimensions : 3\/3 cm<\/p>\n<p>couleur : bleu marine \/ dor\u00e9<\/p>\n","protected":false},"excerpt":{"rendered":"<p>Cr\u00e9oles tiss\u00e9es perles miyuki acier inoxydable dor\u00e9 dimensions : 3\/3 cm couleur : bleu marine \/ dor\u00e9<\/p>\n","protected":false},"featured_media":712,"comment_status":"closed","ping_status":"closed","template":"","meta":[],"product_cat":[17],"product_tag":[],"_links":{"self":[{"href":"https:\/\/jumalo-creations.fr\/index.php?rest_route=\/wp\/v2\/product\/717"}],"collection":[{"href":"https:\/\/jumalo-creations.fr\/index.php?rest_route=\/wp\/v2\/product"}],"about":[{"href":"https:\/\/jumalo-creations.fr\/index.php?rest_route=\/wp\/v2\/types\/product"}],"replies":[{"embeddable":true,"href":"https:\/\/jumalo-creations.fr\/index.php?rest_route=%2Fwp%2Fv2%2Fcomments&post=717"}],"version-history":[{"count":1,"href":"https:\/\/jumalo-creations.fr\/index.php?rest_route=\/wp\/v2\/product\/717\/revisions"}],"predecessor-version":[{"id":718,"href":"https:\/\/jumalo-creations.fr\/index.php?rest_route=\/wp\/v2\/product\/717\/revisions\/718"}],"wp:featuredmedia":[{"embeddable":true,"href":"https:\/\/jumalo-creations.fr\/index.php?rest_route=\/wp\/v2\/media\/712"}],"wp:attachment":[{"href":"https:\/\/jumalo-creations.fr\/index.php?rest_route=%2Fwp%2Fv2%2Fmedia&parent=717"}],"wp:term":[{"taxonomy":"product_cat","embeddable":true,"href":"https:\/\/jumalo-creations.fr\/index.php?rest_route=%2Fwp%2Fv2%2Fproduct_cat&post=717"},{"taxonomy":"product_tag","embeddable":true,"href":"https:\/\/jumalo-creations.fr\/index.php?rest_route=%2Fwp%2Fv2%2Fproduct_tag&post=717"}],"curies":[{"name":"wp","href":"https:\/\/api.w.org\/{rel}","templated":true}]}}