{"id":719,"date":"2021-06-26T09:11:10","date_gmt":"2021-06-26T07:11:10","guid":{"rendered":"http:\/\/jumalo-creations.fr\/?post_type=product&#038;p=719"},"modified":"2021-06-26T09:21:48","modified_gmt":"2021-06-26T07:21:48","slug":"josephine-3","status":"publish","type":"product","link":"https:\/\/jumalo-creations.fr\/?product=josephine-3","title":{"rendered":"Jos\u00e9phine"},"content":{"rendered":"<p>Cr\u00e9oles tiss\u00e9es perles miyuki<\/p>\n<p>acier inoxydable dor\u00e9<\/p>\n<p>dimensions : 3\/3 cm<\/p>\n<p>couleur : rose poudr\u00e9 \/ dor\u00e9<\/p>\n","protected":false},"excerpt":{"rendered":"<p>Cr\u00e9oles tiss\u00e9es perles miyuki acier inoxydable dor\u00e9 dimensions : 3\/3 cm couleur : rose poudr\u00e9 \/ dor\u00e9<\/p>\n","protected":false},"featured_media":714,"comment_status":"closed","ping_status":"closed","template":"","meta":[],"product_cat":[17],"product_tag":[],"_links":{"self":[{"href":"https:\/\/jumalo-creations.fr\/index.php?rest_route=\/wp\/v2\/product\/719"}],"collection":[{"href":"https:\/\/jumalo-creations.fr\/index.php?rest_route=\/wp\/v2\/product"}],"about":[{"href":"https:\/\/jumalo-creations.fr\/index.php?rest_route=\/wp\/v2\/types\/product"}],"replies":[{"embeddable":true,"href":"https:\/\/jumalo-creations.fr\/index.php?rest_route=%2Fwp%2Fv2%2Fcomments&post=719"}],"version-history":[{"count":1,"href":"https:\/\/jumalo-creations.fr\/index.php?rest_route=\/wp\/v2\/product\/719\/revisions"}],"predecessor-version":[{"id":720,"href":"https:\/\/jumalo-creations.fr\/index.php?rest_route=\/wp\/v2\/product\/719\/revisions\/720"}],"wp:featuredmedia":[{"embeddable":true,"href":"https:\/\/jumalo-creations.fr\/index.php?rest_route=\/wp\/v2\/media\/714"}],"wp:attachment":[{"href":"https:\/\/jumalo-creations.fr\/index.php?rest_route=%2Fwp%2Fv2%2Fmedia&parent=719"}],"wp:term":[{"taxonomy":"product_cat","embeddable":true,"href":"https:\/\/jumalo-creations.fr\/index.php?rest_route=%2Fwp%2Fv2%2Fproduct_cat&post=719"},{"taxonomy":"product_tag","embeddable":true,"href":"https:\/\/jumalo-creations.fr\/index.php?rest_route=%2Fwp%2Fv2%2Fproduct_tag&post=719"}],"curies":[{"name":"wp","href":"https:\/\/api.w.org\/{rel}","templated":true}]}}